{"id":49836,"date":"2026-01-30T10:27:21","date_gmt":"2026-01-30T09:27:21","guid":{"rendered":"https:\/\/www.weto.store\/?page_id=49836"},"modified":"2026-02-05T20:48:09","modified_gmt":"2026-02-05T19:48:09","slug":"muj-ucet","status":"publish","type":"page","link":"https:\/\/www.weto.store\/cs\/muj-ucet\/","title":{"rendered":"M\u016fj \u00fa\u010det"},"content":{"rendered":"<div class=\"woocommerce\"><\/div>\n","protected":false},"excerpt":{"rendered":"","protected":false},"author":1,"featured_media":0,"parent":0,"menu_order":0,"comment_status":"closed","ping_status":"closed","template":"","meta":{"_et_pb_use_builder":"","_et_pb_old_content":"","_et_gb_content_width":"","footnotes":""},"class_list":["post-49836","page","type-page","status-publish","hentry"],"_links":{"self":[{"href":"https:\/\/www.weto.store\/cs\/wp-json\/wp\/v2\/pages\/49836","targetHints":{"allow":["GET"]}}],"collection":[{"href":"https:\/\/www.weto.store\/cs\/wp-json\/wp\/v2\/pages"}],"about":[{"href":"https:\/\/www.weto.store\/cs\/wp-json\/wp\/v2\/types\/page"}],"author":[{"embeddable":true,"href":"https:\/\/www.weto.store\/cs\/wp-json\/wp\/v2\/users\/1"}],"replies":[{"embeddable":true,"href":"https:\/\/www.weto.store\/cs\/wp-json\/wp\/v2\/comments?post=49836"}],"version-history":[{"count":1,"href":"https:\/\/www.weto.store\/cs\/wp-json\/wp\/v2\/pages\/49836\/revisions"}],"predecessor-version":[{"id":49859,"href":"https:\/\/www.weto.store\/cs\/wp-json\/wp\/v2\/pages\/49836\/revisions\/49859"}],"wp:attachment":[{"href":"https:\/\/www.weto.store\/cs\/wp-json\/wp\/v2\/media?parent=49836"}],"curies":[{"name":"wp","href":"https:\/\/api.w.org\/{rel}","templated":true}]}}